{"id":3218,"date":"2019-07-23T15:54:40","date_gmt":"2019-07-23T15:54:40","guid":{"rendered":"http:\/\/www.rustican.eu\/?page_id=3218\/"},"modified":"2021-09-14T06:32:56","modified_gmt":"2021-09-14T06:32:56","slug":"contact","status":"publish","type":"page","link":"https:\/\/www.rustican.eu\/sl\/contact\/","title":{"rendered":"Kontakt"},"content":{"rendered":"<p>[vc_row section=&#8221;yes&#8221; full_width=&#8221;padding&#8221; color=&#8221;color7&#8243; text_color=&#8221;color4&#8243; bg_opacity=&#8221;40&#8243; bg_image_repeat=&#8221;cover&#8221; global_atts=&#8221;yes&#8221; css_class=&#8221;headline-row-contact&#8221; bg_image=&#8221;1339&#8243; bg_color=&#8221;&#8221;][vc_column align=&#8221;center&#8221; width=&#8221;1\/1&#8243;]<h1 class=\"ish-sc-element ish-sc_headline ish-color4\" id=\"headline-contact\">Pi\u0161ite nam<\/h1><div class=\"ish-sc-element ish-sc_divider divider-headline\"><\/div><h4 class=\"ish-sc-element ish-sc_headline ish-color4 ish-center\"><\/p>\n<div class=\"\">\n<div class=\"WordSection1\">\n<div class=\"\"><em><span class=\"\">\u010ce imate kakr\u0161na koli vpra\u0161anja o RUSTICAN hrani za pse,<br \/>\nali o celostni uravnote\u017eeni prehrani za zdravje in vitalnost va\u0161ega psa.<\/span><\/em><\/div>\n<\/div>\n<\/div>\n<p><\/h4><div class=\"ish-sc-element ish-sc_divider\"><\/div><h6 class=\"ish-sc-element ish-sc_headline ish-color4\"><\/p>\n<h6 class=\"p1\">POMAKNITE SE NAVZDOL TER IZPOLNITE KONTAKTNI OBRAZEC<\/h6>\n<p><\/h6><div class=\"ish-sc-element ish-sc_icon ish-simple ish-color1 ish-text-color4\" style=\"font-size:30px;width:30px;height:30px;\"><a href=\"#form\"><span style=\"width:30px;height:30px;\"><span class=\"ish-icon-down-open-1\" style=\"font-size:30px;line-height:30px;\"><\/span><\/span><\/a><\/div>[\/vc_column][\/vc_row][vc_row bg_color=&#8221;&#8221;][vc_column width=&#8221;1\/1&#8243;]<h4 class=\"ish-sc-element ish-sc_headline ish-center\"><\/p>\n<div class=\"\">\n<div class=\"WordSection1\">\n<h4><span class=\"\">Va\u0161e mnenje \u0161teje<\/span><\/h4>\n<\/div>\n<\/div>\n<p><\/h4><div class=\"ish-sc-element ish-sc_divider\"><\/div><div class=\"ish-sc-element ish-sc_cf7 ish-color3 ish-text-color1 ish-bg-text-color1 ish-button-bg-color5 ish-button-text-color4 ish-border\">\n<div class=\"wpcf7 no-js\" id=\"wpcf7-f3292-o1\" lang=\"en-US\" dir=\"ltr\" data-wpcf7-id=\"3292\">\n<div class=\"screen-reader-response\"><p role=\"status\" aria-live=\"polite\" aria-atomic=\"true\"><\/p> <ul><\/ul><\/div>\n<form action=\"\/sl\/wp-json\/wp\/v2\/pages\/3218#wpcf7-f3292-o1\" method=\"post\" class=\"wpcf7-form init\" aria-label=\"Contact form\" novalidate=\"novalidate\" data-status=\"init\">\n<fieldset class=\"hidden-fields-container\"><input type=\"hidden\" name=\"_wpcf7\" value=\"3292\" \/><input type=\"hidden\" name=\"_wpcf7_version\" value=\"6.1.5\" \/><input type=\"hidden\" name=\"_wpcf7_locale\" value=\"en_US\" \/><input type=\"hidden\" name=\"_wpcf7_unit_tag\" value=\"wpcf7-f3292-o1\" \/><input type=\"hidden\" name=\"_wpcf7_container_post\" value=\"0\" \/><input type=\"hidden\" name=\"_wpcf7_posted_data_hash\" value=\"\" \/><input type=\"hidden\" name=\"_wpcf7_recaptcha_response\" value=\"\" \/>\n<\/fieldset>\n<div class=\"ish-row\">\n\t<div class=\"ish-grid4\">\n\t\t<p><span class=\"wpcf7-form-control-wrap\" data-name=\"your-name\"><input size=\"40\" maxlength=\"400\" class=\"wpcf7-form-control wpcf7-text wpcf7-validates-as-required\" aria-required=\"true\" aria-invalid=\"false\" placeholder=\"Va\u0161e ime *\" value=\"\" type=\"text\" name=\"your-name\" \/><\/span>\n\t\t<\/p>\n\t<\/div>\n\t<div class=\"ish-grid4\">\n\t\t<p><span class=\"wpcf7-form-control-wrap\" data-name=\"your-email\"><input size=\"40\" maxlength=\"400\" class=\"wpcf7-form-control wpcf7-email wpcf7-validates-as-required wpcf7-text wpcf7-validates-as-email\" aria-required=\"true\" aria-invalid=\"false\" placeholder=\"Va\u0161 e-mail naslov *\" value=\"\" type=\"email\" name=\"your-email\" \/><\/span>\n\t\t<\/p>\n\t<\/div>\n\t<div class=\"ish-grid4\">\n\t\t<p><span class=\"wpcf7-form-control-wrap\" data-name=\"your-web\"><input size=\"40\" maxlength=\"400\" class=\"wpcf7-form-control wpcf7-text wpcf7-validates-as-required\" aria-required=\"true\" aria-invalid=\"false\" placeholder=\"Ime va\u0161ega psa\" value=\"\" type=\"text\" name=\"your-web\" \/><\/span>\n\t\t<\/p>\n\t<\/div>\n<\/div>\n<div class=\"ish-row\">\n\t<div class=\"ish-grid12\">\n\t\t<p><span class=\"wpcf7-form-control-wrap\" data-name=\"your-message\"><textarea cols=\"40\" rows=\"10\" maxlength=\"2000\" class=\"wpcf7-form-control wpcf7-textarea\" aria-invalid=\"false\" placeholder=\"Va\u0161e sporo\u010dilo\" name=\"your-message\"><\/textarea><\/span>\n\t\t<\/p>\n\t<\/div>\n<\/div>\n<div class=\"ish-row\">\n\t<div class=\"ish-grid4\">\n\t\t<p>\n\t\t\n\t\t<\/p>\n\t<\/div>\n\t<div class=\"ish-grid4\">\n\t\t<p><input class=\"wpcf7-form-control wpcf7-submit has-spinner ish-cf7-submit\" type=\"submit\" value=\"PO\u0160LJI SPORO\u010cILO\" \/>\n\t\t<\/p>\n\t<\/div>\n\t<div class=\"ish-grid4\">\n\t<\/div>\n<\/div><p style=\"display: none !important;\" class=\"akismet-fields-container\" data-prefix=\"_wpcf7_ak_\"><label>&#916;<textarea name=\"_wpcf7_ak_hp_textarea\" cols=\"45\" rows=\"8\" maxlength=\"100\"><\/textarea><\/label><input type=\"hidden\" id=\"ak_js_1\" name=\"_wpcf7_ak_js\" value=\"73\"\/><script>document.getElementById( \"ak_js_1\" ).setAttribute( \"value\", ( new Date() ).getTime() );<\/script><\/p><div class=\"wpcf7-response-output\" aria-hidden=\"true\"><\/div>\n<\/form>\n<\/div>\n<\/div><div class=\"ish-sc-element ish-sc_divider\"><\/div><div class=\"ish-sc-element ish-sc_text_separator ish-text-color2 ish-h1\"><span class=\"ish-line ish-left\"><\/span><span class=\"ish-line ish-right\"><\/span><\/div>[vc_raw_html el_class=&#8221;table-contact&#8221;]JTNDcCUyMHN0eWxlJTNEJTIydGV4dC1hbGlnbiUzQSUyMGxlZnQlM0IlMjIlM0UlM0NzdHJvbmclM0VSVVNUSUNBTiUzQyUyRnN0cm9uZyUzRSUyMGplJTIwZWtza2x1eml2bm8lMjBkb3N0b3BlbiUyMHYlMjBuYXNsZWRuamloJTIwc3BlY2lhbGl6aXJhbmloJTIwdHJnb3ZpbmFoJTNBJTNDJTJGcCUzRQ==[\/vc_raw_html][vc_column_text]<\/p>\n<table style=\"height: 640px; width: auto; float: left;\">\n<tbody>\n<tr>\n<th style=\"text-align: left; width: 210px;\">SLOVENIJA<\/th>\n<\/tr>\n<tr>\n<th style=\"text-align: left; width: 210px;\">Mr. Pet<\/th>\n<\/tr>\n<tr>\n<td style=\"width: 210px; text-align: left;\">Ljubljana<\/td>\n<td style=\"width: 379.562px; text-align: left;\">Jur\u010dkova cesta 224<\/td>\n<\/tr>\n<tr>\n<td style=\"width: 210px; text-align: left;\">Dob<\/td>\n<td style=\"width: 379.562px; text-align: left;\">Nakupovalno sredi\u0161\u010de ARKADIA Virska cesta 21<\/td>\n<\/tr>\n<tr>\n<td style=\"width: 210px; text-align: left;\">Kamnik<\/td>\n<td style=\"width: 379.562px; text-align: left;\">Steletova 8<\/td>\n<\/tr>\n<tr>\n<td style=\"width: 210px; text-align: left;\">Ljubljana<\/td>\n<td style=\"width: 379.562px; text-align: left;\">BTC Ljubljana (hala 3) \u0160martinska 152<\/td>\n<\/tr>\n<tr>\n<td style=\"width: 210px; text-align: left;\">Ljubljana<\/td>\n<td style=\"width: 379.562px; text-align: left;\">Celov\u0161ka cesta 258<\/td>\n<\/tr>\n<tr>\n<td style=\"width: 210px; text-align: left;\">Novo mesto<\/td>\n<td style=\"width: 379.562px; text-align: left;\">Oto\u0161ka cesta 5<\/td>\n<\/tr>\n<tr>\n<td style=\"width: 210px; text-align: left;\">Novo mesto<\/td>\n<td style=\"width: 379.562px; text-align: left;\">BTC, Ljubljanska cesta 27<\/td>\n<\/tr>\n<tr>\n<td style=\"width: 210px; text-align: left;\">Kranj<\/td>\n<td style=\"width: 379.562px; text-align: left;\">\u017dagarja 71<\/td>\n<\/tr>\n<tr>\n<td style=\"width: 210px; text-align: left;\">Kranj<\/td>\n<td style=\"width: 379.562px; text-align: left;\">Cesta Jaka Plati\u0161e 18<\/td>\n<\/tr>\n<tr>\n<td style=\"width: 210px; text-align: left;\">\u0160kofja Loka<\/td>\n<td style=\"width: 379.562px; text-align: left;\">Q Center, Grenc 56<\/td>\n<\/tr>\n<tr>\n<td style=\"width: 210px; text-align: left;\">Koper<\/td>\n<td style=\"width: 379.562px; text-align: left;\">Ankaranska cesta 4<\/td>\n<\/tr>\n<tr>\n<td style=\"width: 210px; text-align: left;\">Nova Gorica<\/td>\n<td style=\"width: 379.562px; text-align: left;\">Prvomajska ulica 35<\/td>\n<\/tr>\n<tr>\n<td style=\"width: 210px; text-align: left;\">Nova Gorica<\/td>\n<td style=\"width: 379.562px; text-align: left;\">Cesta 25. junija 1a<\/td>\n<\/tr>\n<tr>\n<td style=\"width: 210px; text-align: left;\">Postojna<\/td>\n<td style=\"width: 379.562px; text-align: left;\">Tr\u017ea\u0161ka cesta 60c<\/td>\n<\/tr>\n<tr>\n<td style=\"width: 210px; text-align: left;\">Celje<\/td>\n<td style=\"width: 379.562px; text-align: left;\">Be\u017eigrajska cesta 16<\/td>\n<\/tr>\n<tr>\n<td style=\"width: 210px; text-align: left;\">Maribor<\/td>\n<td style=\"width: 379.562px; text-align: left;\">Titova cesta 62<\/td>\n<\/tr>\n<tr>\n<td style=\"width: 210px; text-align: left;\">Murska Sobota<\/td>\n<td style=\"width: 379.562px; text-align: left;\">Nem\u010davci 1d<\/td>\n<\/tr>\n<tr>\n<td style=\"width: 210px; text-align: left;\">Ptuj<\/td>\n<td style=\"width: 379.562px; text-align: left;\">Ormo\u0161ka cesta 15<\/td>\n<\/tr>\n<tr>\n<td style=\"width: 210px; text-align: left;\">Slovenska Bistrica<\/td>\n<td style=\"width: 379.562px; text-align: left;\">\u017dolgarjeva ulica 6<\/td>\n<\/tr>\n<tr>\n<td style=\"width: 210px; text-align: left;\">Velenje<\/td>\n<td style=\"width: 379.562px; text-align: left;\">Sale\u0161ka cesta 1<\/td>\n<\/tr>\n<\/tbody>\n<\/table>\n<p>[\/vc_column_text][vc_raw_html el_class=&#8221;table-contact&#8221;]JTNDdGFibGUlM0UlMEElM0N0aGVhZCUzRSUwQSUzQyUyRnRoZWFkJTNFJTBBJTNDdGJvZHklM0UlMEElM0N0ciUzRSUwQSUzQ3RkJTIwc3R5bGUlM0QlMjJ0ZXh0LWFsaWduJTNBJTIwbGVmdCUzQiUyMiUzRU5hJTIwdm9sam8lMjB2JTIwdnNlaCUyMHRyZ292aW5haCUyME1yLiUyMFBldCUyMHBvJTIwU2xvdmVuaWppJTIwJTNDJTJGdGQlM0UlMEElM0MlMkZ0ciUzRSUwQSUzQ3RyJTNFJTBBJTNDdGQlMjBzdHlsZSUzRCUyMnRleHQtYWxpZ24lM0ElMjBsZWZ0JTNCJTIyJTIwY29sc3BhbiUzRCUyMjIlMjIlM0V0ZXIlMjBuYSUyMCUzQ3N0cm9uZyUzRSUzQ2ElMjBzdHlsZSUzRCUyMmNvbG9yJTNBJTIzODczQTIwJTIyaHJlZiUzRCUyMmh0dHBzJTNBJTJGJTJGd3d3Lm1ycGV0LnNpJTJGJTIyJTIwdGFyZ2V0JTNEJTIyX2JsYW5rJTIyJTNFd3d3Lm1ycGV0LnNpJTNDJTJGYSUzRSUzQyUyRnN0cm9uZyUzRSUzQyUyRnRkJTNFJTBBJTNDJTJGdHIlM0UlMEElM0MlMkZ0Ym9keSUzRSUwQSUzQyUyRnRhYmxlJTNFJTBB[\/vc_raw_html][\/vc_column][\/vc_row]<\/p>\n<input type=\"hidden\" name=\"bis_re_cache_post_id\" \r\n        id=\"bis_re_cache_post_id\" value=\"3218\" \/><input type=\"hidden\" name=\"bis_re_cache_cat_id\" \r\n        id=\"bis_re_cache_cat_id\" value=\"\" \/><input type=\"hidden\" name=\"bis_re_cache_reffer_path\" \r\n        id=\"bis_re_cache_reffer_path\" value=\"\" \/><input type=\"hidden\" name=\"bis_re_site_url\" \r\n \t\tid=\"bis_re_site_url\" value=\"https:\/\/www.rustican.eu\" \/><div id=\"bis_re_modal_div\"><\/div><script id = \"bis_redirect_popup_template\" type = \"text\/x-handlebars-template\">\r\n   <div class=\"redirect-popup-content\" data-remodal-id = \"modal\" id=\"bis_re_redirect_modal\" role = \"dialog\" aria-labelledby = \"modal1Title\" aria-describedby = \"modal1Desc\">\r\n    <span data-remodal-action = \"close\" id=\"bis_re_close_btn\" class = \"remodal-close\" aria-label = \"Close\"><\/span>\r\n    <div>\r\n        <div class=\"redirect-div-padding\">\r\n            <span class=\"redirect-popup-title\" id=\"modal1Title\">{{popup_data.title}}<\/span>\r\n        <\/div>\r\n        {{#compare popup_data.imageOneUrl null operator=\"!=\"}}\r\n        <span>\r\n            <img src=\"{{popup_data.imageOneUrl}}\" \/>\r\n        <\/span>\r\n        {{\/compare}}\r\n        <div class=\"redirect-popup-heading redirect-div-padding\">\r\n            {{popup_data.headingOne}}\r\n        <\/div>\r\n        <div class=\"redirect-popup-subheading redirect-div-padding\">\r\n            {{popup_data.headingTwo}}\r\n        <\/div>\r\n        {{#compare popup_data.autoCloseTime 0 operator=\"!=\"}}\r\n        <div class=\"redirect-popup-timer\">\r\n            <label> {{popup_data.timerMsg}} <span id=\"bis_stimer\"><\/span> {{popup_data.secMsg}}<\/label>\r\n        <\/div>\r\n        {{\/compare}}\r\n    <\/div>\r\n    <div class=\"redirect-popup-checkbox-label\">\r\n        <label >\r\n            <input type=\"checkbox\" id=\"bis_red_remem\" name=\"bis_red_remem\">\r\n            <span id=\"bis_red_msg\">{{popup_data.donot_show_msg}}<\/span>\r\n        <\/label>\r\n    <\/div>\r\n    <div>\r\n        <button data-remodal-action=\"cancel\" id=\"bis_re_cancel_red\" class=\"remodal-cancel\">{{popup_data.buttonLabelTwo}}<\/button>\r\n        <span style = \"padding:10px\"><\/span>\r\n        <button data-remodal-action=\"confirm\" id=\"bis_confirm_redirect\" class=\"remodal-confirm\">{{popup_data.buttonLabelOne}}<\/button>\r\n    <\/div>\r\n<\/div>\r\n<\/script><span id = \"bis_re_rd_meta_span\"><\/span><script id=\"bis_redirect_meta_template\" type = \"text\/x-handlebars-template\">\n    <head>\n    <meta http-equiv=\"refresh\" content=\"0; url={{target_url}}\">\n    <\/head>\n<\/script>","protected":false},"excerpt":{"rendered":"<p>[vc_row section=&#8221;yes&#8221; full_width=&#8221;padding&#8221; color=&#8221;color7&#8243; text_color=&#8221;color4&#8243; bg_opacity=&#8221;40&#8243; bg_image_repeat=&#8221;cover&#8221; global_atts=&#8221;yes&#8221; css_class=&#8221;headline-row-contact&#8221; bg_image=&#8221;1339&#8243; bg_color=&#8221;&#8221;][vc_column align=&#8221;center&#8221; width=&#8221;1\/1&#8243;][\/vc_column][\/vc_row][vc_row bg_color=&#8221;&#8221;][vc_column width=&#8221;1\/1&#8243;][vc_raw_html el_class=&#8221;table-contact&#8221;]JTNDcCUyMHN0eWxlJTNEJTIydGV4dC1hbGlnbiUzQSUyMGxlZnQlM0IlMjIlM0UlM0NzdHJvbmclM0VSVVNUSUNBTiUzQyUyRnN0cm9uZyUzRSUyMGplJTIwZWtza2x1eml2bm8lMjBkb3N0b3BlbiUyMHYlMjBuYXNsZWRuamloJTIwc3BlY2lhbGl6aXJhbmloJTIwdHJnb3ZpbmFoJTNBJTNDJTJGcCUzRQ==[\/vc_raw_html][vc_column_text] SLOVENIJA Mr. Pet Ljubljana Jur\u010dkova cesta 224 Dob Nakupovalno sredi\u0161\u010de ARKADIA Virska cesta 21 Kamnik Steletova 8 Ljubljana BTC Ljubljana (hala 3) \u0160martinska 152 Ljubljana Celov\u0161ka cesta 258 Novo mesto Oto\u0161ka cesta 5 Novo mesto BTC, Ljubljanska cesta 27 [&hellip;]<\/p>\n","protected":false},"author":3,"featured_media":0,"parent":0,"menu_order":0,"comment_status":"closed","ping_status":"closed","template":"","meta":{"footnotes":""},"class_list":["post-3218","page","type-page","status-publish","hentry"],"yoast_head":"<!-- This site is optimized with the Yoast SEO plugin v24.8.1 - https:\/\/yoast.com\/wordpress\/plugins\/seo\/ -->\n<title>RUSTICAN Kontakt<\/title>\n<meta name=\"robots\" content=\"index, follow, max-snippet:-1, max-image-preview:large, max-video-preview:-1\" \/>\n<link rel=\"canonical\" href=\"https:\/\/www.rustican.eu\/sl\/contact\/\" \/>\n<meta property=\"og:locale\" content=\"sl_SI\" \/>\n<meta property=\"og:type\" content=\"article\" \/>\n<meta property=\"og:title\" content=\"RUSTICAN Kontakt\" \/>\n<meta property=\"og:description\" content=\"[vc_row section=&#8221;yes&#8221; full_width=&#8221;padding&#8221; color=&#8221;color7&#8243; text_color=&#8221;color4&#8243; bg_opacity=&#8221;40&#8243; bg_image_repeat=&#8221;cover&#8221; global_atts=&#8221;yes&#8221; css_class=&#8221;headline-row-contact&#8221; bg_image=&#8221;1339&#8243; bg_color=&#8221;&#8221;][vc_column align=&#8221;center&#8221; width=&#8221;1\/1&#8243;][\/vc_column][\/vc_row][vc_row bg_color=&#8221;&#8221;][vc_column width=&#8221;1\/1&#8243;][vc_raw_html el_class=&#8221;table-contact&#8221;]JTNDcCUyMHN0eWxlJTNEJTIydGV4dC1hbGlnbiUzQSUyMGxlZnQlM0IlMjIlM0UlM0NzdHJvbmclM0VSVVNUSUNBTiUzQyUyRnN0cm9uZyUzRSUyMGplJTIwZWtza2x1eml2bm8lMjBkb3N0b3BlbiUyMHYlMjBuYXNsZWRuamloJTIwc3BlY2lhbGl6aXJhbmloJTIwdHJnb3ZpbmFoJTNBJTNDJTJGcCUzRQ==[\/vc_raw_html][vc_column_text] SLOVENIJA Mr. Pet Ljubljana Jur\u010dkova cesta 224 Dob Nakupovalno sredi\u0161\u010de ARKADIA Virska cesta 21 Kamnik Steletova 8 Ljubljana BTC Ljubljana (hala 3) \u0160martinska 152 Ljubljana Celov\u0161ka cesta 258 Novo mesto Oto\u0161ka cesta 5 Novo mesto BTC, Ljubljanska cesta 27 [&hellip;]\" \/>\n<meta property=\"og:url\" content=\"https:\/\/www.rustican.eu\/sl\/contact\/\" \/>\n<meta property=\"og:site_name\" content=\"RUSTICAN - great food, great life\" \/>\n<meta property=\"article:modified_time\" content=\"2021-09-14T06:32:56+00:00\" \/>\n<meta name=\"twitter:card\" content=\"summary_large_image\" \/>\n<meta name=\"twitter:label1\" content=\"Est. reading time\" \/>\n\t<meta name=\"twitter:data1\" content=\"1 minuta\" \/>\n<script type=\"application\/ld+json\" class=\"yoast-schema-graph\">{\"@context\":\"https:\/\/schema.org\",\"@graph\":[{\"@type\":\"WebPage\",\"@id\":\"https:\/\/www.rustican.eu\/sl\/contact\/\",\"url\":\"https:\/\/www.rustican.eu\/sl\/contact\/\",\"name\":\"RUSTICAN Kontakt\",\"isPartOf\":{\"@id\":\"https:\/\/www.rustican.eu\/#website\"},\"datePublished\":\"2019-07-23T15:54:40+00:00\",\"dateModified\":\"2021-09-14T06:32:56+00:00\",\"breadcrumb\":{\"@id\":\"https:\/\/www.rustican.eu\/sl\/contact\/#breadcrumb\"},\"inLanguage\":\"sl-SI\",\"potentialAction\":[{\"@type\":\"ReadAction\",\"target\":[\"https:\/\/www.rustican.eu\/sl\/contact\/\"]}]},{\"@type\":\"BreadcrumbList\",\"@id\":\"https:\/\/www.rustican.eu\/sl\/contact\/#breadcrumb\",\"itemListElement\":[{\"@type\":\"ListItem\",\"position\":1,\"name\":\"Home\",\"item\":\"https:\/\/www.rustican.eu\/sl\/\"},{\"@type\":\"ListItem\",\"position\":2,\"name\":\"Kontakt\"}]},{\"@type\":\"WebSite\",\"@id\":\"https:\/\/www.rustican.eu\/#website\",\"url\":\"https:\/\/www.rustican.eu\/\",\"name\":\"RUSTICAN - great food, great life\",\"description\":\"\",\"potentialAction\":[{\"@type\":\"SearchAction\",\"target\":{\"@type\":\"EntryPoint\",\"urlTemplate\":\"https:\/\/www.rustican.eu\/?s={search_term_string}\"},\"query-input\":{\"@type\":\"PropertyValueSpecification\",\"valueRequired\":true,\"valueName\":\"search_term_string\"}}],\"inLanguage\":\"sl-SI\"}]}<\/script>\n<!-- \/ Yoast SEO plugin. -->","yoast_head_json":{"title":"RUSTICAN Kontakt","robots":{"index":"index","follow":"follow","max-snippet":"max-snippet:-1","max-image-preview":"max-image-preview:large","max-video-preview":"max-video-preview:-1"},"canonical":"https:\/\/www.rustican.eu\/sl\/contact\/","og_locale":"sl_SI","og_type":"article","og_title":"RUSTICAN Kontakt","og_description":"[vc_row section=&#8221;yes&#8221; full_width=&#8221;padding&#8221; color=&#8221;color7&#8243; text_color=&#8221;color4&#8243; bg_opacity=&#8221;40&#8243; bg_image_repeat=&#8221;cover&#8221; global_atts=&#8221;yes&#8221; css_class=&#8221;headline-row-contact&#8221; bg_image=&#8221;1339&#8243; bg_color=&#8221;&#8221;][vc_column align=&#8221;center&#8221; width=&#8221;1\/1&#8243;][\/vc_column][\/vc_row][vc_row bg_color=&#8221;&#8221;][vc_column width=&#8221;1\/1&#8243;][vc_raw_html el_class=&#8221;table-contact&#8221;]JTNDcCUyMHN0eWxlJTNEJTIydGV4dC1hbGlnbiUzQSUyMGxlZnQlM0IlMjIlM0UlM0NzdHJvbmclM0VSVVNUSUNBTiUzQyUyRnN0cm9uZyUzRSUyMGplJTIwZWtza2x1eml2bm8lMjBkb3N0b3BlbiUyMHYlMjBuYXNsZWRuamloJTIwc3BlY2lhbGl6aXJhbmloJTIwdHJnb3ZpbmFoJTNBJTNDJTJGcCUzRQ==[\/vc_raw_html][vc_column_text] SLOVENIJA Mr. Pet Ljubljana Jur\u010dkova cesta 224 Dob Nakupovalno sredi\u0161\u010de ARKADIA Virska cesta 21 Kamnik Steletova 8 Ljubljana BTC Ljubljana (hala 3) \u0160martinska 152 Ljubljana Celov\u0161ka cesta 258 Novo mesto Oto\u0161ka cesta 5 Novo mesto BTC, Ljubljanska cesta 27 [&hellip;]","og_url":"https:\/\/www.rustican.eu\/sl\/contact\/","og_site_name":"RUSTICAN - great food, great life","article_modified_time":"2021-09-14T06:32:56+00:00","twitter_card":"summary_large_image","twitter_misc":{"Est. reading time":"1 minuta"},"schema":{"@context":"https:\/\/schema.org","@graph":[{"@type":"WebPage","@id":"https:\/\/www.rustican.eu\/sl\/contact\/","url":"https:\/\/www.rustican.eu\/sl\/contact\/","name":"RUSTICAN Kontakt","isPartOf":{"@id":"https:\/\/www.rustican.eu\/#website"},"datePublished":"2019-07-23T15:54:40+00:00","dateModified":"2021-09-14T06:32:56+00:00","breadcrumb":{"@id":"https:\/\/www.rustican.eu\/sl\/contact\/#breadcrumb"},"inLanguage":"sl-SI","potentialAction":[{"@type":"ReadAction","target":["https:\/\/www.rustican.eu\/sl\/contact\/"]}]},{"@type":"BreadcrumbList","@id":"https:\/\/www.rustican.eu\/sl\/contact\/#breadcrumb","itemListElement":[{"@type":"ListItem","position":1,"name":"Home","item":"https:\/\/www.rustican.eu\/sl\/"},{"@type":"ListItem","position":2,"name":"Kontakt"}]},{"@type":"WebSite","@id":"https:\/\/www.rustican.eu\/#website","url":"https:\/\/www.rustican.eu\/","name":"RUSTICAN - great food, great life","description":"","potentialAction":[{"@type":"SearchAction","target":{"@type":"EntryPoint","urlTemplate":"https:\/\/www.rustican.eu\/?s={search_term_string}"},"query-input":{"@type":"PropertyValueSpecification","valueRequired":true,"valueName":"search_term_string"}}],"inLanguage":"sl-SI"}]}},"_links":{"self":[{"href":"https:\/\/www.rustican.eu\/sl\/wp-json\/wp\/v2\/pages\/3218","targetHints":{"allow":["GET"]}}],"collection":[{"href":"https:\/\/www.rustican.eu\/sl\/wp-json\/wp\/v2\/pages"}],"about":[{"href":"https:\/\/www.rustican.eu\/sl\/wp-json\/wp\/v2\/types\/page"}],"author":[{"embeddable":true,"href":"https:\/\/www.rustican.eu\/sl\/wp-json\/wp\/v2\/users\/3"}],"replies":[{"embeddable":true,"href":"https:\/\/www.rustican.eu\/sl\/wp-json\/wp\/v2\/comments?post=3218"}],"version-history":[{"count":27,"href":"https:\/\/www.rustican.eu\/sl\/wp-json\/wp\/v2\/pages\/3218\/revisions"}],"predecessor-version":[{"id":6868,"href":"https:\/\/www.rustican.eu\/sl\/wp-json\/wp\/v2\/pages\/3218\/revisions\/6868"}],"wp:attachment":[{"href":"https:\/\/www.rustican.eu\/sl\/wp-json\/wp\/v2\/media?parent=3218"}],"curies":[{"name":"wp","href":"https:\/\/api.w.org\/{rel}","templated":true}]}}