{"id":3213,"date":"2019-07-23T15:39:18","date_gmt":"2019-07-23T15:39:18","guid":{"rendered":"http:\/\/www.rustican.eu\/?page_id=3213\/"},"modified":"2021-09-14T06:48:42","modified_gmt":"2021-09-14T06:48:42","slug":"home","status":"publish","type":"page","link":"https:\/\/www.rustican.eu\/sl\/","title":{"rendered":"Domov"},"content":{"rendered":"<p>[vc_row color=&#8221;color7&#8243; text_color=&#8221;color4&#8243; bg_opacity=&#8221;30&#8243; bg_image_repeat=&#8221;cover&#8221; vertical_align=&#8221;middle&#8221; center_content=&#8221;no&#8221; global_atts=&#8221;yes&#8221; css_class=&#8221;headline-row-home&#8221; bg_color=&#8221;&#8221; bg_image=&#8221;2444&#8243;][vc_column width=&#8221;1\/1&#8243;]<div class=\"ish-sc-element ish-sc_divider\"><\/div><h1 class=\"ish-sc-element ish-sc_headline ish-color4 ish-center\" id=\"headline-first\"><a href=\"https:\/\/www.rustican.eu\/sl\/o-rusticanu\/\"><strong>Kaj \u017eivljenje naredi lepo?<\/strong><\/a><\/h1>[\/vc_column][\/vc_row][vc_row color=&#8221;color7&#8243; text_color=&#8221;color4&#8243; bg_opacity=&#8221;10&#8243; parallax=&#8221;static&#8221; vertical_align=&#8221;middle&#8221; center_content=&#8221;yes&#8221; bg_color=&#8221;&#8221; bg_image=&#8221;2203&#8243;][vc_column width=&#8221;1\/1&#8243;]<div class=\"ish-sc-element ish-sc_divider\"><\/div><div class=\"ish-sc-element ish-sc_headline ish-color4 ish-center ish-h3\"><\/p>\n<p><\/div><div class=\"ish-sc-element ish-sc_divider\"><\/div><div class=\"ish-sc-element ish-sc_divider\"><\/div><div class=\"ish-sc-element ish-sc_headline ish-color4 ish-center ish-h3\"><\/p>\n<p><\/div><div class=\"ish-sc-element ish-sc_divider\"><\/div><div class=\"ish-sc-element ish-sc_divider\"><\/div><h1 class=\"ish-sc-element ish-sc_headline ish-color4 ish-center\" id=\"headline-second\"><strong><a href=\"https:\/\/www.rustican.eu\/sl\/sastavine\/\">Rustican sestavine<\/a><\/strong><\/h1><div class=\"ish-sc-element ish-sc_divider\"><\/div><div class=\"ish-sc-element ish-sc_divider\"><\/div><div class=\"ish-sc-element ish-sc_divider\"><\/div>[\/vc_column][\/vc_row][vc_row section=&#8221;yes&#8221; full_width=&#8221;full&#8221; bg_color=&#8221;&#8221;][vc_column global_atts=&#8221;yes&#8221; css_class=&#8221;column-products&#8221; width=&#8221;1\/1&#8243;]<div class=\"ish-sc-element ish-sc_image image-bags ish-fullwidth\"><a  href=\"http:\/\/www.rustican.eu\/hr\/rustican-recepti\/\"><img loading=\"lazy\" decoding=\"async\" width=\"2000\" height=\"1170\" src=\"https:\/\/www.rustican.eu\/wp-content\/uploads\/2021\/09\/RUSTICAN-products3_optimized.jpg\" class=\"attachment-full size-full\" alt=\"\" srcset=\"https:\/\/www.rustican.eu\/wp-content\/uploads\/2021\/09\/RUSTICAN-products3_optimized.jpg 2000w, https:\/\/www.rustican.eu\/wp-content\/uploads\/2021\/09\/RUSTICAN-products3_optimized-300x176.jpg 300w, https:\/\/www.rustican.eu\/wp-content\/uploads\/2021\/09\/RUSTICAN-products3_optimized-1024x599.jpg 1024w, https:\/\/www.rustican.eu\/wp-content\/uploads\/2021\/09\/RUSTICAN-products3_optimized-768x449.jpg 768w, https:\/\/www.rustican.eu\/wp-content\/uploads\/2021\/09\/RUSTICAN-products3_optimized-1536x899.jpg 1536w, https:\/\/www.rustican.eu\/wp-content\/uploads\/2021\/09\/RUSTICAN-products3_optimized-1170x684.jpg 1170w, https:\/\/www.rustican.eu\/wp-content\/uploads\/2021\/09\/RUSTICAN-products3_optimized-571x334.jpg 571w, https:\/\/www.rustican.eu\/wp-content\/uploads\/2021\/09\/RUSTICAN-products3_optimized-371x217.jpg 371w, https:\/\/www.rustican.eu\/wp-content\/uploads\/2021\/09\/RUSTICAN-products3_optimized-271x159.jpg 271w\" sizes=\"auto, (max-width: 2000px) 100vw, 2000px\" \/><\/a><\/div>[vc_raw_html el_class=&#8221;raw-html-home&#8221;]JTNDYSUyMGhyZWYlM0QlMjIuLiUyRnNsJTJGcnVzdGljYW4tcmVjZXB0aSUyRiUyMiUzRSUzQ3N0cm9uZyUzRSUzQ2gxJTNFJTNDc3BhbiUzRVJ1c3RpY2FuJTIwcmVjZXB0aSUzQyUyRnNwYW4lM0UlM0MlMkZzdHJvbmclM0UlM0MlMkZoMSUzRSUzQyUyRmElM0UlMEE=[\/vc_raw_html][\/vc_column][\/vc_row][vc_row section=&#8221;yes&#8221; full_width=&#8221;full&#8221; color=&#8221;color2&#8243; bg_color=&#8221;&#8221;][vc_column width=&#8221;1\/1&#8243;]<div class=\"ish-sc-element ish-sc_portfolio  ish-layout-square ish-ratio-square ish-p-zoomin\" data-count=\"3\"><span class=\"ish-preloader\"><\/span><div class=\"ish-p-items-container\"><div class=\"ish-p-col  pfilt-jagnjetina-slo\"><a href=\"https:\/\/www.rustican.eu\/sl\/portfolio\/jagnjetina-mini\/\" style=\"border-width: 0px;\"><div class=\"ish-p-item\"><div class=\"ish-p-img\" style=\"background-image: url('https:\/\/www.rustican.eu\/wp-content\/uploads\/2019\/05\/RUSTICAN-dogs-lady-MINI-homepage-image-1170x545.jpg');\"><\/div><div class=\"ish-p-overlay ish-color5 ish-text-color4\"><span style=\"opacity: 0.9;\"><\/span><div><span class=\"ish-p-title\"><span class=\"ish-p-headline\">Galantni <strong>Hamlet<\/strong> z u\u017eitkom u\u017eiva \u017eivljenje&#8230;<\/span><\/span><\/div><\/div><\/div><\/a><\/div><div class=\"ish-p-col  pfilt-puppy-junior-slo\"><a href=\"https:\/\/www.rustican.eu\/sl\/portfolio\/puppy-junior-mini\/\" style=\"border-width: 0px;\"><div class=\"ish-p-item\"><div class=\"ish-p-img\" style=\"background-image: url('https:\/\/www.rustican.eu\/wp-content\/uploads\/2019\/05\/RUSTICAN-dogs-balto-and-luna-homepage-image-1170x545.jpg');\"><\/div><div class=\"ish-p-overlay ish-color5 ish-text-color4\"><span style=\"opacity: 0.9;\"><\/span><div><span class=\"ish-p-title\"><span class=\"ish-p-headline\"><strong>Lolita<\/strong> in <strong>Neo<\/strong> sta majhen a zelo \u017eivahen par&#8230;.<\/span><\/span><\/div><\/div><\/div><\/a><\/div><div class=\"ish-p-col  pfilt-puppy-junior-slo\"><a href=\"https:\/\/www.rustican.eu\/sl\/portfolio\/puppy-junior\/\" style=\"border-width: 0px;\"><div class=\"ish-p-item\"><div class=\"ish-p-img\" style=\"background-image: url('https:\/\/www.rustican.eu\/wp-content\/uploads\/2016\/10\/RUSTICAN-dogs-puppy-1170x545.jpg');\"><\/div><div class=\"ish-p-overlay ish-color5 ish-text-color4\"><span style=\"opacity: 0.9;\"><\/span><div><span class=\"ish-p-title\"><span class=\"ish-p-headline\">Razigrana mladi\u010dka <strong>Balto<\/strong> in <strong>Luna<\/strong> vsak dan odkrivata svet okrog sebe&#8230;<\/span><\/span><\/div><\/div><\/div><\/a><\/div><div class=\"ish-p-col  pfilt-jagnjetina-slo\"><a href=\"https:\/\/www.rustican.eu\/sl\/portfolio\/jagnjetina\/\" style=\"border-width: 0px;\"><div class=\"ish-p-item\"><div class=\"ish-p-img\" style=\"background-image: url('https:\/\/www.rustican.eu\/wp-content\/uploads\/2016\/10\/RUSTICAN-dogs-lady-1170x545.jpg');\"><\/div><div class=\"ish-p-overlay ish-color5 ish-text-color4\"><span style=\"opacity: 0.9;\"><\/span><div><span class=\"ish-p-title\"><span class=\"ish-p-headline\">Dru\u017einski ljubljenki <strong>Lady<\/strong> njeni lastniki izpolnjujejo vse \u017eelje&#8230;<\/span><\/span><\/div><\/div><\/div><\/a><\/div><div class=\"ish-p-col  pfilt-jagnjetina-slo\"><a href=\"https:\/\/www.rustican.eu\/sl\/portfolio\/jagnjetina-large\/\" style=\"border-width: 0px;\"><div class=\"ish-p-item\"><div class=\"ish-p-img\" style=\"background-image: url('https:\/\/www.rustican.eu\/wp-content\/uploads\/2016\/08\/Rustican-LARGE-dog-1170x545-1.jpg');\"><\/div><div class=\"ish-p-overlay ish-color5 ish-text-color4\"><span style=\"opacity: 0.9;\"><\/span><div><span class=\"ish-p-title\"><span class=\"ish-p-headline\"><strong>Max<\/strong> je prijazen velikan ne\u017enega srca.<\/span><\/span><\/div><\/div><\/div><\/a><\/div><div class=\"ish-p-col  pfilt-govedina-slo\"><a href=\"https:\/\/www.rustican.eu\/sl\/portfolio\/govedina\/\" style=\"border-width: 0px;\"><div class=\"ish-p-item\"><div class=\"ish-p-img\" style=\"background-image: url('https:\/\/www.rustican.eu\/wp-content\/uploads\/2016\/10\/RUSTICAN-dogs-oscar-1170x545.jpg');\"><\/div><div class=\"ish-p-overlay ish-color5 ish-text-color4\"><span style=\"opacity: 0.9;\"><\/span><div><span class=\"ish-p-title\"><span class=\"ish-p-headline\"><strong>Oscar<\/strong> je uglajen gospod klasi\u010dnega okusa&#8230;<\/span><\/span><\/div><\/div><\/div><\/a><\/div><div class=\"ish-p-col  pfilt-piscanec-slo\"><a href=\"https:\/\/www.rustican.eu\/sl\/portfolio\/piscanec\/\" style=\"border-width: 0px;\"><div class=\"ish-p-item\"><div class=\"ish-p-img\" style=\"background-image: url('https:\/\/www.rustican.eu\/wp-content\/uploads\/2016\/10\/RUSTICAN-dog-bella-1170x545.jpg');\"><\/div><div class=\"ish-p-overlay ish-color5 ish-text-color4\"><span style=\"opacity: 0.9;\"><\/span><div><span class=\"ish-p-title\"><span class=\"ish-p-headline\"><strong>Bella<\/strong> je elegantna pasja dama&#8230;<\/span><\/span><\/div><\/div><\/div><\/a><\/div><div class=\"ish-p-col  pfilt-raca-slo\"><a href=\"https:\/\/www.rustican.eu\/sl\/portfolio\/raca\/\" style=\"border-width: 0px;\"><div class=\"ish-p-item\"><div class=\"ish-p-img\" style=\"background-image: url('https:\/\/www.rustican.eu\/wp-content\/uploads\/2016\/10\/RUSTICAN-dogs-monty-1170x545.jpg');\"><\/div><div class=\"ish-p-overlay ish-color5 ish-text-color4\"><span style=\"opacity: 0.9;\"><\/span><div><span class=\"ish-p-title\"><span class=\"ish-p-headline\">Dinami\u010dni <strong>Monty<\/strong> je ljubitelj narave, vonjav in di\u0161av pode\u017eelja&#8230;<\/span><\/span><\/div><\/div><\/div><\/a><\/div><div class=\"ish-p-col  pfilt-riba-slo\"><a href=\"https:\/\/www.rustican.eu\/sl\/portfolio\/riba\/\" style=\"border-width: 0px;\"><div class=\"ish-p-item\"><div class=\"ish-p-img\" style=\"background-image: url('https:\/\/www.rustican.eu\/wp-content\/uploads\/2016\/08\/RUSTICAN-dogs-zeus-1-1170x545.jpg');\"><\/div><div class=\"ish-p-overlay ish-color5 ish-text-color4\"><span style=\"opacity: 0.9;\"><\/span><div><span class=\"ish-p-title\"><span class=\"ish-p-headline\">Mo\u010dni <strong>Zeus<\/strong> obo\u017euje morje in morsko hrano&#8230;<\/span><\/span><\/div><\/div><\/div><\/a><\/div><div class=\"ish-p-col  pfilt-jagnjetina-slo\"><a href=\"https:\/\/www.rustican.eu\/sl\/portfolio\/senior\/\" style=\"border-width: 0px;\"><div class=\"ish-p-item\"><div class=\"ish-p-img\" style=\"background-image: url('https:\/\/www.rustican.eu\/wp-content\/uploads\/2016\/08\/Rustican-SENIOR-dog-1170x545-1.jpg');\"><\/div><div class=\"ish-p-overlay ish-color5 ish-text-color4\"><span style=\"opacity: 0.9;\"><\/span><div><span class=\"ish-p-title\"><span class=\"ish-p-headline\">Izjemen <strong>Rover<\/strong> verjame, da je starost le \u0161tevilka. Po srcu je \u0161e vedno isti radovedni ku\u017ea.<\/span><\/span><\/div><\/div><\/div><\/a><\/div><div class=\"ish-p-col  pfilt-govedina-slo\"><a href=\"https:\/\/www.rustican.eu\/sl\/portfolio\/light\/\" style=\"border-width: 0px;\"><div class=\"ish-p-item\"><div class=\"ish-p-img\" style=\"background-image: url('https:\/\/www.rustican.eu\/wp-content\/uploads\/2019\/07\/Rustican-LIGHT-dog-1170x545-1.jpg');\"><\/div><div class=\"ish-p-overlay ish-color5 ish-text-color4\"><span style=\"opacity: 0.9;\"><\/span><div><span class=\"ish-p-title\"><span class=\"ish-p-headline\">O\u010darljiva <strong>Ruby<\/strong>  u\u017eiva v hrani bolj kot v gibanju, kljub temu pa je vitka in elegantna.<\/span><\/span><\/div><\/div><\/div><\/a><\/div><\/div><\/div>[\/vc_column][\/vc_row]<\/p>\n<input type=\"hidden\" name=\"bis_re_cache_post_id\" \r\n        id=\"bis_re_cache_post_id\" value=\"6688\" \/><input type=\"hidden\" name=\"bis_re_cache_cat_id\" \r\n        id=\"bis_re_cache_cat_id\" value=\"\" \/><input type=\"hidden\" name=\"bis_re_cache_reffer_path\" \r\n        id=\"bis_re_cache_reffer_path\" value=\"\" \/><input type=\"hidden\" name=\"bis_re_site_url\" \r\n \t\tid=\"bis_re_site_url\" value=\"https:\/\/www.rustican.eu\" \/><div id=\"bis_re_modal_div\"><\/div><script id = \"bis_redirect_popup_template\" type = \"text\/x-handlebars-template\">\r\n   <div class=\"redirect-popup-content\" data-remodal-id = \"modal\" id=\"bis_re_redirect_modal\" role = \"dialog\" aria-labelledby = \"modal1Title\" aria-describedby = \"modal1Desc\">\r\n    <span data-remodal-action = \"close\" id=\"bis_re_close_btn\" class = \"remodal-close\" aria-label = \"Close\"><\/span>\r\n    <div>\r\n        <div class=\"redirect-div-padding\">\r\n            <span class=\"redirect-popup-title\" id=\"modal1Title\">{{popup_data.title}}<\/span>\r\n        <\/div>\r\n        {{#compare popup_data.imageOneUrl null operator=\"!=\"}}\r\n        <span>\r\n            <img src=\"{{popup_data.imageOneUrl}}\" \/>\r\n        <\/span>\r\n        {{\/compare}}\r\n        <div class=\"redirect-popup-heading redirect-div-padding\">\r\n            {{popup_data.headingOne}}\r\n        <\/div>\r\n        <div class=\"redirect-popup-subheading redirect-div-padding\">\r\n            {{popup_data.headingTwo}}\r\n        <\/div>\r\n        {{#compare popup_data.autoCloseTime 0 operator=\"!=\"}}\r\n        <div class=\"redirect-popup-timer\">\r\n            <label> {{popup_data.timerMsg}} <span id=\"bis_stimer\"><\/span> {{popup_data.secMsg}}<\/label>\r\n        <\/div>\r\n        {{\/compare}}\r\n    <\/div>\r\n    <div class=\"redirect-popup-checkbox-label\">\r\n        <label >\r\n            <input type=\"checkbox\" id=\"bis_red_remem\" name=\"bis_red_remem\">\r\n            <span id=\"bis_red_msg\">{{popup_data.donot_show_msg}}<\/span>\r\n        <\/label>\r\n    <\/div>\r\n    <div>\r\n        <button data-remodal-action=\"cancel\" id=\"bis_re_cancel_red\" class=\"remodal-cancel\">{{popup_data.buttonLabelTwo}}<\/button>\r\n        <span style = \"padding:10px\"><\/span>\r\n        <button data-remodal-action=\"confirm\" id=\"bis_confirm_redirect\" class=\"remodal-confirm\">{{popup_data.buttonLabelOne}}<\/button>\r\n    <\/div>\r\n<\/div>\r\n<\/script><span id = \"bis_re_rd_meta_span\"><\/span><script id=\"bis_redirect_meta_template\" type = \"text\/x-handlebars-template\">\n    <head>\n    <meta http-equiv=\"refresh\" content=\"0; url={{target_url}}\">\n    <\/head>\n<\/script>","protected":false},"excerpt":{"rendered":"<p>[vc_row color=&#8221;color7&#8243; text_color=&#8221;color4&#8243; bg_opacity=&#8221;30&#8243; bg_image_repeat=&#8221;cover&#8221; vertical_align=&#8221;middle&#8221; center_content=&#8221;no&#8221; global_atts=&#8221;yes&#8221; css_class=&#8221;headline-row-home&#8221; bg_color=&#8221;&#8221; bg_image=&#8221;2444&#8243;][vc_column width=&#8221;1\/1&#8243;][\/vc_column][\/vc_row][vc_row color=&#8221;color7&#8243; text_color=&#8221;color4&#8243; bg_opacity=&#8221;10&#8243; parallax=&#8221;static&#8221; vertical_align=&#8221;middle&#8221; center_content=&#8221;yes&#8221; bg_color=&#8221;&#8221; bg_image=&#8221;2203&#8243;][vc_column width=&#8221;1\/1&#8243;][\/vc_column][\/vc_row][vc_row section=&#8221;yes&#8221; full_width=&#8221;full&#8221; bg_color=&#8221;&#8221;][vc_column global_atts=&#8221;yes&#8221; css_class=&#8221;column-products&#8221; width=&#8221;1\/1&#8243;][vc_raw_html el_class=&#8221;raw-html-home&#8221;]JTNDYSUyMGhyZWYlM0QlMjIuLiUyRnNsJTJGcnVzdGljYW4tcmVjZXB0aSUyRiUyMiUzRSUzQ3N0cm9uZyUzRSUzQ2gxJTNFJTNDc3BhbiUzRVJ1c3RpY2FuJTIwcmVjZXB0aSUzQyUyRnNwYW4lM0UlM0MlMkZzdHJvbmclM0UlM0MlMkZoMSUzRSUzQyUyRmElM0UlMEE=[\/vc_raw_html][\/vc_column][\/vc_row][vc_row section=&#8221;yes&#8221; full_width=&#8221;full&#8221; color=&#8221;color2&#8243; bg_color=&#8221;&#8221;][vc_column width=&#8221;1\/1&#8243;][\/vc_column][\/vc_row]<\/p>\n","protected":false},"author":3,"featured_media":0,"parent":0,"menu_order":0,"comment_status":"closed","ping_status":"closed","template":"","meta":{"footnotes":""},"class_list":["post-3213","page","type-page","status-publish","hentry"],"yoast_head":"<!-- This site is optimized with the Yoast SEO plugin v24.8.1 - https:\/\/yoast.com\/wordpress\/plugins\/seo\/ -->\n<title>RUSTICAN Domov<\/title>\n<meta name=\"robots\" content=\"index, follow, max-snippet:-1, max-image-preview:large, max-video-preview:-1\" \/>\n<link rel=\"canonical\" href=\"https:\/\/www.rustican.eu\/sl\/\" \/>\n<meta property=\"og:locale\" content=\"sl_SI\" \/>\n<meta property=\"og:type\" content=\"article\" \/>\n<meta property=\"og:title\" content=\"RUSTICAN Domov\" \/>\n<meta property=\"og:description\" content=\"[vc_row color=&#8221;color7&#8243; text_color=&#8221;color4&#8243; bg_opacity=&#8221;30&#8243; bg_image_repeat=&#8221;cover&#8221; vertical_align=&#8221;middle&#8221; center_content=&#8221;no&#8221; global_atts=&#8221;yes&#8221; css_class=&#8221;headline-row-home&#8221; bg_color=&#8221;&#8221; bg_image=&#8221;2444&#8243;][vc_column width=&#8221;1\/1&#8243;][\/vc_column][\/vc_row][vc_row color=&#8221;color7&#8243; text_color=&#8221;color4&#8243; bg_opacity=&#8221;10&#8243; parallax=&#8221;static&#8221; vertical_align=&#8221;middle&#8221; center_content=&#8221;yes&#8221; bg_color=&#8221;&#8221; bg_image=&#8221;2203&#8243;][vc_column width=&#8221;1\/1&#8243;][\/vc_column][\/vc_row][vc_row section=&#8221;yes&#8221; full_width=&#8221;full&#8221; bg_color=&#8221;&#8221;][vc_column global_atts=&#8221;yes&#8221; css_class=&#8221;column-products&#8221; width=&#8221;1\/1&#8243;][vc_raw_html el_class=&#8221;raw-html-home&#8221;]JTNDYSUyMGhyZWYlM0QlMjIuLiUyRnNsJTJGcnVzdGljYW4tcmVjZXB0aSUyRiUyMiUzRSUzQ3N0cm9uZyUzRSUzQ2gxJTNFJTNDc3BhbiUzRVJ1c3RpY2FuJTIwcmVjZXB0aSUzQyUyRnNwYW4lM0UlM0MlMkZzdHJvbmclM0UlM0MlMkZoMSUzRSUzQyUyRmElM0UlMEE=[\/vc_raw_html][\/vc_column][\/vc_row][vc_row section=&#8221;yes&#8221; full_width=&#8221;full&#8221; color=&#8221;color2&#8243; bg_color=&#8221;&#8221;][vc_column width=&#8221;1\/1&#8243;][\/vc_column][\/vc_row]\" \/>\n<meta property=\"og:url\" content=\"https:\/\/www.rustican.eu\/sl\/\" \/>\n<meta property=\"og:site_name\" content=\"RUSTICAN - great food, great life\" \/>\n<meta property=\"article:modified_time\" content=\"2021-09-14T06:48:42+00:00\" \/>\n<meta name=\"twitter:card\" content=\"summary_large_image\" \/>\n<meta name=\"twitter:label1\" content=\"Est. reading time\" \/>\n\t<meta name=\"twitter:data1\" content=\"1 minuta\" \/>\n<script type=\"application\/ld+json\" class=\"yoast-schema-graph\">{\"@context\":\"https:\/\/schema.org\",\"@graph\":[{\"@type\":\"WebPage\",\"@id\":\"https:\/\/www.rustican.eu\/sl\/\",\"url\":\"https:\/\/www.rustican.eu\/sl\/\",\"name\":\"RUSTICAN Domov\",\"isPartOf\":{\"@id\":\"https:\/\/www.rustican.eu\/#website\"},\"datePublished\":\"2019-07-23T15:39:18+00:00\",\"dateModified\":\"2021-09-14T06:48:42+00:00\",\"breadcrumb\":{\"@id\":\"https:\/\/www.rustican.eu\/sl\/#breadcrumb\"},\"inLanguage\":\"sl-SI\",\"potentialAction\":[{\"@type\":\"ReadAction\",\"target\":[\"https:\/\/www.rustican.eu\/sl\/\"]}]},{\"@type\":\"BreadcrumbList\",\"@id\":\"https:\/\/www.rustican.eu\/sl\/#breadcrumb\",\"itemListElement\":[{\"@type\":\"ListItem\",\"position\":1,\"name\":\"Home\",\"item\":\"https:\/\/www.rustican.eu\/sl\/\"},{\"@type\":\"ListItem\",\"position\":2,\"name\":\"Domov\"}]},{\"@type\":\"WebSite\",\"@id\":\"https:\/\/www.rustican.eu\/#website\",\"url\":\"https:\/\/www.rustican.eu\/\",\"name\":\"RUSTICAN - great food, great life\",\"description\":\"\",\"potentialAction\":[{\"@type\":\"SearchAction\",\"target\":{\"@type\":\"EntryPoint\",\"urlTemplate\":\"https:\/\/www.rustican.eu\/?s={search_term_string}\"},\"query-input\":{\"@type\":\"PropertyValueSpecification\",\"valueRequired\":true,\"valueName\":\"search_term_string\"}}],\"inLanguage\":\"sl-SI\"}]}<\/script>\n<!-- \/ Yoast SEO plugin. -->","yoast_head_json":{"title":"RUSTICAN Domov","robots":{"index":"index","follow":"follow","max-snippet":"max-snippet:-1","max-image-preview":"max-image-preview:large","max-video-preview":"max-video-preview:-1"},"canonical":"https:\/\/www.rustican.eu\/sl\/","og_locale":"sl_SI","og_type":"article","og_title":"RUSTICAN Domov","og_description":"[vc_row color=&#8221;color7&#8243; text_color=&#8221;color4&#8243; bg_opacity=&#8221;30&#8243; bg_image_repeat=&#8221;cover&#8221; vertical_align=&#8221;middle&#8221; center_content=&#8221;no&#8221; global_atts=&#8221;yes&#8221; css_class=&#8221;headline-row-home&#8221; bg_color=&#8221;&#8221; bg_image=&#8221;2444&#8243;][vc_column width=&#8221;1\/1&#8243;][\/vc_column][\/vc_row][vc_row color=&#8221;color7&#8243; text_color=&#8221;color4&#8243; bg_opacity=&#8221;10&#8243; parallax=&#8221;static&#8221; vertical_align=&#8221;middle&#8221; center_content=&#8221;yes&#8221; bg_color=&#8221;&#8221; bg_image=&#8221;2203&#8243;][vc_column width=&#8221;1\/1&#8243;][\/vc_column][\/vc_row][vc_row section=&#8221;yes&#8221; full_width=&#8221;full&#8221; bg_color=&#8221;&#8221;][vc_column global_atts=&#8221;yes&#8221; css_class=&#8221;column-products&#8221; width=&#8221;1\/1&#8243;][vc_raw_html el_class=&#8221;raw-html-home&#8221;]JTNDYSUyMGhyZWYlM0QlMjIuLiUyRnNsJTJGcnVzdGljYW4tcmVjZXB0aSUyRiUyMiUzRSUzQ3N0cm9uZyUzRSUzQ2gxJTNFJTNDc3BhbiUzRVJ1c3RpY2FuJTIwcmVjZXB0aSUzQyUyRnNwYW4lM0UlM0MlMkZzdHJvbmclM0UlM0MlMkZoMSUzRSUzQyUyRmElM0UlMEE=[\/vc_raw_html][\/vc_column][\/vc_row][vc_row section=&#8221;yes&#8221; full_width=&#8221;full&#8221; color=&#8221;color2&#8243; bg_color=&#8221;&#8221;][vc_column width=&#8221;1\/1&#8243;][\/vc_column][\/vc_row]","og_url":"https:\/\/www.rustican.eu\/sl\/","og_site_name":"RUSTICAN - great food, great life","article_modified_time":"2021-09-14T06:48:42+00:00","twitter_card":"summary_large_image","twitter_misc":{"Est. reading time":"1 minuta"},"schema":{"@context":"https:\/\/schema.org","@graph":[{"@type":"WebPage","@id":"https:\/\/www.rustican.eu\/sl\/","url":"https:\/\/www.rustican.eu\/sl\/","name":"RUSTICAN Domov","isPartOf":{"@id":"https:\/\/www.rustican.eu\/#website"},"datePublished":"2019-07-23T15:39:18+00:00","dateModified":"2021-09-14T06:48:42+00:00","breadcrumb":{"@id":"https:\/\/www.rustican.eu\/sl\/#breadcrumb"},"inLanguage":"sl-SI","potentialAction":[{"@type":"ReadAction","target":["https:\/\/www.rustican.eu\/sl\/"]}]},{"@type":"BreadcrumbList","@id":"https:\/\/www.rustican.eu\/sl\/#breadcrumb","itemListElement":[{"@type":"ListItem","position":1,"name":"Home","item":"https:\/\/www.rustican.eu\/sl\/"},{"@type":"ListItem","position":2,"name":"Domov"}]},{"@type":"WebSite","@id":"https:\/\/www.rustican.eu\/#website","url":"https:\/\/www.rustican.eu\/","name":"RUSTICAN - great food, great life","description":"","potentialAction":[{"@type":"SearchAction","target":{"@type":"EntryPoint","urlTemplate":"https:\/\/www.rustican.eu\/?s={search_term_string}"},"query-input":{"@type":"PropertyValueSpecification","valueRequired":true,"valueName":"search_term_string"}}],"inLanguage":"sl-SI"}]}},"_links":{"self":[{"href":"https:\/\/www.rustican.eu\/sl\/wp-json\/wp\/v2\/pages\/3213","targetHints":{"allow":["GET"]}}],"collection":[{"href":"https:\/\/www.rustican.eu\/sl\/wp-json\/wp\/v2\/pages"}],"about":[{"href":"https:\/\/www.rustican.eu\/sl\/wp-json\/wp\/v2\/types\/page"}],"author":[{"embeddable":true,"href":"https:\/\/www.rustican.eu\/sl\/wp-json\/wp\/v2\/users\/3"}],"replies":[{"embeddable":true,"href":"https:\/\/www.rustican.eu\/sl\/wp-json\/wp\/v2\/comments?post=3213"}],"version-history":[{"count":8,"href":"https:\/\/www.rustican.eu\/sl\/wp-json\/wp\/v2\/pages\/3213\/revisions"}],"predecessor-version":[{"id":6884,"href":"https:\/\/www.rustican.eu\/sl\/wp-json\/wp\/v2\/pages\/3213\/revisions\/6884"}],"wp:attachment":[{"href":"https:\/\/www.rustican.eu\/sl\/wp-json\/wp\/v2\/media?parent=3213"}],"curies":[{"name":"wp","href":"https:\/\/api.w.org\/{rel}","templated":true}]}}