{"id":2678,"date":"2016-12-06T10:27:23","date_gmt":"2016-12-06T10:27:23","guid":{"rendered":"http:\/\/www.rustican.eu\/?page_id=2678\/"},"modified":"2021-09-14T06:46:26","modified_gmt":"2021-09-14T06:46:26","slug":"home","status":"publish","type":"page","link":"https:\/\/www.rustican.eu\/hr\/","title":{"rendered":"Home"},"content":{"rendered":"<p>[vc_row color=&#8221;color7&#8243; text_color=&#8221;color4&#8243; bg_opacity=&#8221;30&#8243; bg_image_repeat=&#8221;cover&#8221; vertical_align=&#8221;middle&#8221; center_content=&#8221;no&#8221; global_atts=&#8221;yes&#8221; css_class=&#8221;headline-row-home&#8221; bg_color=&#8221;&#8221; bg_image=&#8221;2444&#8243;][vc_column width=&#8221;1\/1&#8243;]<div class=\"ish-sc-element ish-sc_divider\"><\/div><h1 class=\"ish-sc-element ish-sc_headline ish-color4 ish-center\" id=\"headline-first\"><a href=\"https:\/\/www.rustican.eu\/hr\/o-rusticanu\/\"><strong>\u0160to \u017eivot \u010dini savr\u0161enim?<\/strong><\/a><\/h1>[\/vc_column][\/vc_row][vc_row color=&#8221;color7&#8243; text_color=&#8221;color4&#8243; bg_opacity=&#8221;10&#8243; parallax=&#8221;static&#8221; vertical_align=&#8221;middle&#8221; center_content=&#8221;yes&#8221; bg_color=&#8221;&#8221; bg_image=&#8221;2203&#8243;][vc_column width=&#8221;1\/1&#8243;]<div class=\"ish-sc-element ish-sc_divider\"><\/div><div class=\"ish-sc-element ish-sc_headline ish-color4 ish-center ish-h3\"><\/p>\n<p><\/div><div class=\"ish-sc-element ish-sc_divider\"><\/div><div class=\"ish-sc-element ish-sc_divider\"><\/div><div class=\"ish-sc-element ish-sc_headline ish-color4 ish-center ish-h3\"><\/p>\n<p><\/div><div class=\"ish-sc-element ish-sc_divider\"><\/div><div class=\"ish-sc-element ish-sc_divider\"><\/div><h1 class=\"ish-sc-element ish-sc_headline ish-color4 ish-center\" id=\"headline-second\"><strong><a href=\"https:\/\/www.rustican.eu\/hr\/sastojci\/\">Rustican sastojci<\/a><\/strong><\/h1><div class=\"ish-sc-element ish-sc_divider\"><\/div><div class=\"ish-sc-element ish-sc_divider\"><\/div><div class=\"ish-sc-element ish-sc_divider\"><\/div>[\/vc_column][\/vc_row][vc_row section=&#8221;yes&#8221; full_width=&#8221;full&#8221; bg_color=&#8221;&#8221;][vc_column global_atts=&#8221;yes&#8221; css_class=&#8221;column-products&#8221; width=&#8221;1\/1&#8243;]<div class=\"ish-sc-element ish-sc_image image-bags ish-fullwidth\"><a  href=\"http:\/\/www.rustican.eu\/hr\/rustican-recepti\/\"><img loading=\"lazy\" decoding=\"async\" width=\"2000\" height=\"1170\" src=\"https:\/\/www.rustican.eu\/wp-content\/uploads\/2021\/09\/RUSTICAN-products3_optimized.jpg\" class=\"attachment-full size-full\" alt=\"\" srcset=\"https:\/\/www.rustican.eu\/wp-content\/uploads\/2021\/09\/RUSTICAN-products3_optimized.jpg 2000w, https:\/\/www.rustican.eu\/wp-content\/uploads\/2021\/09\/RUSTICAN-products3_optimized-300x176.jpg 300w, https:\/\/www.rustican.eu\/wp-content\/uploads\/2021\/09\/RUSTICAN-products3_optimized-1024x599.jpg 1024w, https:\/\/www.rustican.eu\/wp-content\/uploads\/2021\/09\/RUSTICAN-products3_optimized-768x449.jpg 768w, https:\/\/www.rustican.eu\/wp-content\/uploads\/2021\/09\/RUSTICAN-products3_optimized-1536x899.jpg 1536w, https:\/\/www.rustican.eu\/wp-content\/uploads\/2021\/09\/RUSTICAN-products3_optimized-1170x684.jpg 1170w, https:\/\/www.rustican.eu\/wp-content\/uploads\/2021\/09\/RUSTICAN-products3_optimized-571x334.jpg 571w, https:\/\/www.rustican.eu\/wp-content\/uploads\/2021\/09\/RUSTICAN-products3_optimized-371x217.jpg 371w, https:\/\/www.rustican.eu\/wp-content\/uploads\/2021\/09\/RUSTICAN-products3_optimized-271x159.jpg 271w\" sizes=\"auto, (max-width: 2000px) 100vw, 2000px\" \/><\/a><\/div>[vc_raw_html el_class=&#8221;raw-html-home&#8221;]JTNDYSUyMGhyZWYlM0QlMjIuLiUyRmhyJTJGcnVzdGljYW4tcmVjZXB0aSUyRiUyMiUzRSUzQ3N0cm9uZyUzRSUzQ2gxJTNFJTNDc3BhbiUzRVJ1c3RpY2FuJTIwcmVjZXB0aSUzQyUyRnNwYW4lM0UlM0MlMkZzdHJvbmclM0UlM0MlMkZoMSUzRSUzQyUyRmElM0UlMEE=[\/vc_raw_html][\/vc_column][\/vc_row][vc_row section=&#8221;yes&#8221; full_width=&#8221;full&#8221; color=&#8221;color2&#8243; bg_color=&#8221;&#8221;][vc_column width=&#8221;1\/1&#8243;]<div class=\"ish-sc-element ish-sc_portfolio  ish-layout-square ish-ratio-square ish-p-zoomin\" data-count=\"3\"><span class=\"ish-preloader\"><\/span><div class=\"ish-p-items-container\"><div class=\"ish-p-col  pfilt-puppy-junior-hr\"><a href=\"https:\/\/www.rustican.eu\/hr\/portfolio\/puppy-junior-mini\/\" style=\"border-width: 0px;\"><div class=\"ish-p-item\"><div class=\"ish-p-img\" style=\"background-image: url('https:\/\/www.rustican.eu\/wp-content\/uploads\/2019\/05\/RUSTICAN-dogs-balto-and-luna-homepage-image-1170x545.jpg');\"><\/div><div class=\"ish-p-overlay ish-color5 ish-text-color4\"><span style=\"opacity: 0.9;\"><\/span><div><span class=\"ish-p-title\"><span class=\"ish-p-headline\"><strong>Lolita<\/strong> i <strong>Neo<\/strong> \u010dine si\u0107u\u0161an, no iznimno \u017eivahan dvojac&#8230;<\/span><\/span><\/div><\/div><\/div><\/a><\/div><div class=\"ish-p-col  pfilt-janjetina-hr\"><a href=\"https:\/\/www.rustican.eu\/hr\/portfolio\/janjetina-mini\/\" style=\"border-width: 0px;\"><div class=\"ish-p-item\"><div class=\"ish-p-img\" style=\"background-image: url('https:\/\/www.rustican.eu\/wp-content\/uploads\/2019\/05\/RUSTICAN-dogs-lady-MINI-homepage-image-1170x545.jpg');\"><\/div><div class=\"ish-p-overlay ish-color5 ish-text-color4\"><span style=\"opacity: 0.9;\"><\/span><div><span class=\"ish-p-title\"><span class=\"ish-p-headline\">Otmjeni <strong>Hamlet<\/strong> istinski u\u017eiva u \u017eivotu&#8230;<\/span><\/span><\/div><\/div><\/div><\/a><\/div><div class=\"ish-p-col  pfilt-puppy-junior-hr\"><a href=\"https:\/\/www.rustican.eu\/hr\/portfolio\/puppy-junior\/\" style=\"border-width: 0px;\"><div class=\"ish-p-item\"><div class=\"ish-p-img\" style=\"background-image: url('https:\/\/www.rustican.eu\/wp-content\/uploads\/2016\/08\/RUSTICAN-dogs-puppy-s-1.jpg');\"><\/div><div class=\"ish-p-overlay ish-color5 ish-text-color4\"><span style=\"opacity: 0.9;\"><\/span><div><span class=\"ish-p-title\"><span class=\"ish-p-headline\">Razigrani \u0161tenci <strong>Balto<\/strong> i <strong>Luna<\/strong> svakodnevno otkrivaju svijet&#8230;<\/span><\/span><\/div><\/div><\/div><\/a><\/div><div class=\"ish-p-col  pfilt-janjetina-hr\"><a href=\"https:\/\/www.rustican.eu\/hr\/portfolio\/janjetina-large\/\" style=\"border-width: 0px;\"><div class=\"ish-p-item\"><div class=\"ish-p-img\" style=\"background-image: url('https:\/\/www.rustican.eu\/wp-content\/uploads\/2016\/08\/Rustican-LARGE-dog-1170x545-1.jpg');\"><\/div><div class=\"ish-p-overlay ish-color5 ish-text-color4\"><span style=\"opacity: 0.9;\"><\/span><div><span class=\"ish-p-title\"><span class=\"ish-p-headline\"><strong>Max<\/strong> je prijateljski div nje\u017enoga srca.<\/span><\/span><\/div><\/div><\/div><\/a><\/div><div class=\"ish-p-col  pfilt-janjetina-hr\"><a href=\"https:\/\/www.rustican.eu\/hr\/portfolio\/janjetina\/\" style=\"border-width: 0px;\"><div class=\"ish-p-item\"><div class=\"ish-p-img\" style=\"background-image: url('https:\/\/www.rustican.eu\/wp-content\/uploads\/2016\/10\/RUSTICAN-dogs-lady-1170x545.jpg');\"><\/div><div class=\"ish-p-overlay ish-color5 ish-text-color4\"><span style=\"opacity: 0.9;\"><\/span><div><span class=\"ish-p-title\"><span class=\"ish-p-headline\">Obiteljskoj mezimici <strong>Lady<\/strong> ispunjavaju se sve \u017eelje&#8230;<\/span><\/span><\/div><\/div><\/div><\/a><\/div><div class=\"ish-p-col  pfilt-govedina-hr\"><a href=\"https:\/\/www.rustican.eu\/hr\/portfolio\/govedina\/\" style=\"border-width: 0px;\"><div class=\"ish-p-item\"><div class=\"ish-p-img\" style=\"background-image: url('https:\/\/www.rustican.eu\/wp-content\/uploads\/2016\/10\/RUSTICAN-dogs-oscar-1170x545.jpg');\"><\/div><div class=\"ish-p-overlay ish-color5 ish-text-color4\"><span style=\"opacity: 0.9;\"><\/span><div><span class=\"ish-p-title\"><span class=\"ish-p-headline\"><strong>Oscar<\/strong> je ugla\u0111eni gospodin klasi\u010dnog ukusa&#8230;<\/span><\/span><\/div><\/div><\/div><\/a><\/div><div class=\"ish-p-col  pfilt-piletina-hr\"><a href=\"https:\/\/www.rustican.eu\/hr\/portfolio\/piletina\/\" style=\"border-width: 0px;\"><div class=\"ish-p-item\"><div class=\"ish-p-img\" style=\"background-image: url('https:\/\/www.rustican.eu\/wp-content\/uploads\/2016\/10\/RUSTICAN-dog-bella-1170x545.jpg');\"><\/div><div class=\"ish-p-overlay ish-color5 ish-text-color4\"><span style=\"opacity: 0.9;\"><\/span><div><span class=\"ish-p-title\"><span class=\"ish-p-headline\"><strong>Bella<\/strong> je otmjena dama&#8230;<\/span><\/span><\/div><\/div><\/div><\/a><\/div><div class=\"ish-p-col  pfilt-pacetina-hr\"><a href=\"https:\/\/www.rustican.eu\/hr\/portfolio\/pacetina\/\" style=\"border-width: 0px;\"><div class=\"ish-p-item\"><div class=\"ish-p-img\" style=\"background-image: url('https:\/\/www.rustican.eu\/wp-content\/uploads\/2016\/08\/RUSTICAN-dogs-monty-s-1-1170x489.jpg');\"><\/div><div class=\"ish-p-overlay ish-color5 ish-text-color4\"><span style=\"opacity: 0.9;\"><\/span><div><span class=\"ish-p-title\"><span class=\"ish-p-headline\">Dinami\u010dni <strong>Monty<\/strong> je istinski ljubitelj prirode, seoskih mirisa i okusa&#8230;<\/span><\/span><\/div><\/div><\/div><\/a><\/div><div class=\"ish-p-col  pfilt-riba-hr\"><a href=\"https:\/\/www.rustican.eu\/hr\/portfolio\/riba\/\" style=\"border-width: 0px;\"><div class=\"ish-p-item\"><div class=\"ish-p-img\" style=\"background-image: url('https:\/\/www.rustican.eu\/wp-content\/uploads\/2016\/08\/RUSTICAN-dogs-zeus-1-1170x545.jpg');\"><\/div><div class=\"ish-p-overlay ish-color5 ish-text-color4\"><span style=\"opacity: 0.9;\"><\/span><div><span class=\"ish-p-title\"><span class=\"ish-p-headline\">Mo\u0107ni <strong>Zeus<\/strong> obo\u017eava more i morsku hranu&#8230;<\/span><\/span><\/div><\/div><\/div><\/a><\/div><div class=\"ish-p-col  pfilt-janjetina-hr\"><a href=\"https:\/\/www.rustican.eu\/hr\/portfolio\/senior\/\" style=\"border-width: 0px;\"><div class=\"ish-p-item\"><div class=\"ish-p-img\" style=\"background-image: url('https:\/\/www.rustican.eu\/wp-content\/uploads\/2016\/08\/Rustican-SENIOR-dog-1170x545-1.jpg');\"><\/div><div class=\"ish-p-overlay ish-color5 ish-text-color4\"><span style=\"opacity: 0.9;\"><\/span><div><span class=\"ish-p-title\"><span class=\"ish-p-headline\">Vitalni<strong> Rover<\/strong> ne broji godine jer je oduvijek u du\u0161i znati\u017eeljni \u0161tenac.<\/span><\/span><\/div><\/div><\/div><\/a><\/div><div class=\"ish-p-col  pfilt-govedina-hr\"><a href=\"https:\/\/www.rustican.eu\/hr\/portfolio\/light\/\" style=\"border-width: 0px;\"><div class=\"ish-p-item\"><div class=\"ish-p-img\" style=\"background-image: url('https:\/\/www.rustican.eu\/wp-content\/uploads\/2019\/07\/Rustican-LIGHT-dog-1170x545-1.jpg');\"><\/div><div class=\"ish-p-overlay ish-color5 ish-text-color4\"><span style=\"opacity: 0.9;\"><\/span><div><span class=\"ish-p-title\"><span class=\"ish-p-headline\">\u0160armantna<strong> Ruby <\/strong> u\u017eiva u hrani vi\u0161e nego u vje\u017ebanju, a ipak je vitka i elegantna.<\/span><\/span><\/div><\/div><\/div><\/a><\/div><\/div><\/div>[\/vc_column][\/vc_row]<\/p>\n<input type=\"hidden\" name=\"bis_re_cache_post_id\" \r\n        id=\"bis_re_cache_post_id\" value=\"6660\" \/><input type=\"hidden\" name=\"bis_re_cache_cat_id\" \r\n        id=\"bis_re_cache_cat_id\" value=\"\" \/><input type=\"hidden\" name=\"bis_re_cache_reffer_path\" \r\n        id=\"bis_re_cache_reffer_path\" value=\"\" \/><input type=\"hidden\" name=\"bis_re_site_url\" \r\n \t\tid=\"bis_re_site_url\" value=\"https:\/\/www.rustican.eu\" \/><div id=\"bis_re_modal_div\"><\/div><script id = \"bis_redirect_popup_template\" type = \"text\/x-handlebars-template\">\r\n   <div class=\"redirect-popup-content\" data-remodal-id = \"modal\" id=\"bis_re_redirect_modal\" role = \"dialog\" aria-labelledby = \"modal1Title\" aria-describedby = \"modal1Desc\">\r\n    <span data-remodal-action = \"close\" id=\"bis_re_close_btn\" class = \"remodal-close\" aria-label = \"Close\"><\/span>\r\n    <div>\r\n        <div class=\"redirect-div-padding\">\r\n            <span class=\"redirect-popup-title\" id=\"modal1Title\">{{popup_data.title}}<\/span>\r\n        <\/div>\r\n        {{#compare popup_data.imageOneUrl null operator=\"!=\"}}\r\n        <span>\r\n            <img src=\"{{popup_data.imageOneUrl}}\" \/>\r\n        <\/span>\r\n        {{\/compare}}\r\n        <div class=\"redirect-popup-heading redirect-div-padding\">\r\n            {{popup_data.headingOne}}\r\n        <\/div>\r\n        <div class=\"redirect-popup-subheading redirect-div-padding\">\r\n            {{popup_data.headingTwo}}\r\n        <\/div>\r\n        {{#compare popup_data.autoCloseTime 0 operator=\"!=\"}}\r\n        <div class=\"redirect-popup-timer\">\r\n            <label> {{popup_data.timerMsg}} <span id=\"bis_stimer\"><\/span> {{popup_data.secMsg}}<\/label>\r\n        <\/div>\r\n        {{\/compare}}\r\n    <\/div>\r\n    <div class=\"redirect-popup-checkbox-label\">\r\n        <label >\r\n            <input type=\"checkbox\" id=\"bis_red_remem\" name=\"bis_red_remem\">\r\n            <span id=\"bis_red_msg\">{{popup_data.donot_show_msg}}<\/span>\r\n        <\/label>\r\n    <\/div>\r\n    <div>\r\n        <button data-remodal-action=\"cancel\" id=\"bis_re_cancel_red\" class=\"remodal-cancel\">{{popup_data.buttonLabelTwo}}<\/button>\r\n        <span style = \"padding:10px\"><\/span>\r\n        <button data-remodal-action=\"confirm\" id=\"bis_confirm_redirect\" class=\"remodal-confirm\">{{popup_data.buttonLabelOne}}<\/button>\r\n    <\/div>\r\n<\/div>\r\n<\/script><span id = \"bis_re_rd_meta_span\"><\/span><script id=\"bis_redirect_meta_template\" type = \"text\/x-handlebars-template\">\n    <head>\n    <meta http-equiv=\"refresh\" content=\"0; url={{target_url}}\">\n    <\/head>\n<\/script>","protected":false},"excerpt":{"rendered":"<p>[vc_row color=&#8221;color7&#8243; text_color=&#8221;color4&#8243; bg_opacity=&#8221;30&#8243; bg_image_repeat=&#8221;cover&#8221; vertical_align=&#8221;middle&#8221; center_content=&#8221;no&#8221; global_atts=&#8221;yes&#8221; css_class=&#8221;headline-row-home&#8221; bg_color=&#8221;&#8221; bg_image=&#8221;2444&#8243;][vc_column width=&#8221;1\/1&#8243;][\/vc_column][\/vc_row][vc_row color=&#8221;color7&#8243; text_color=&#8221;color4&#8243; bg_opacity=&#8221;10&#8243; parallax=&#8221;static&#8221; vertical_align=&#8221;middle&#8221; center_content=&#8221;yes&#8221; bg_color=&#8221;&#8221; bg_image=&#8221;2203&#8243;][vc_column width=&#8221;1\/1&#8243;][\/vc_column][\/vc_row][vc_row section=&#8221;yes&#8221; full_width=&#8221;full&#8221; bg_color=&#8221;&#8221;][vc_column global_atts=&#8221;yes&#8221; css_class=&#8221;column-products&#8221; width=&#8221;1\/1&#8243;][vc_raw_html el_class=&#8221;raw-html-home&#8221;]JTNDYSUyMGhyZWYlM0QlMjIuLiUyRmhyJTJGcnVzdGljYW4tcmVjZXB0aSUyRiUyMiUzRSUzQ3N0cm9uZyUzRSUzQ2gxJTNFJTNDc3BhbiUzRVJ1c3RpY2FuJTIwcmVjZXB0aSUzQyUyRnNwYW4lM0UlM0MlMkZzdHJvbmclM0UlM0MlMkZoMSUzRSUzQyUyRmElM0UlMEE=[\/vc_raw_html][\/vc_column][\/vc_row][vc_row section=&#8221;yes&#8221; full_width=&#8221;full&#8221; color=&#8221;color2&#8243; bg_color=&#8221;&#8221;][vc_column width=&#8221;1\/1&#8243;][\/vc_column][\/vc_row]<\/p>\n","protected":false},"author":3,"featured_media":0,"parent":0,"menu_order":0,"comment_status":"closed","ping_status":"closed","template":"","meta":{"footnotes":""},"class_list":["post-2678","page","type-page","status-publish","hentry"],"yoast_head":"<!-- This site is optimized with the Yoast SEO plugin v24.8.1 - https:\/\/yoast.com\/wordpress\/plugins\/seo\/ -->\n<title>RUSTICAN Home<\/title>\n<meta name=\"robots\" content=\"index, follow, max-snippet:-1, max-image-preview:large, max-video-preview:-1\" \/>\n<link rel=\"canonical\" href=\"https:\/\/www.rustican.eu\/hr\/\" \/>\n<meta property=\"og:locale\" content=\"hr_HR\" \/>\n<meta property=\"og:type\" content=\"article\" \/>\n<meta property=\"og:title\" content=\"RUSTICAN Home\" \/>\n<meta property=\"og:description\" content=\"[vc_row color=&#8221;color7&#8243; text_color=&#8221;color4&#8243; bg_opacity=&#8221;30&#8243; bg_image_repeat=&#8221;cover&#8221; vertical_align=&#8221;middle&#8221; center_content=&#8221;no&#8221; global_atts=&#8221;yes&#8221; css_class=&#8221;headline-row-home&#8221; bg_color=&#8221;&#8221; bg_image=&#8221;2444&#8243;][vc_column width=&#8221;1\/1&#8243;][\/vc_column][\/vc_row][vc_row color=&#8221;color7&#8243; text_color=&#8221;color4&#8243; bg_opacity=&#8221;10&#8243; parallax=&#8221;static&#8221; vertical_align=&#8221;middle&#8221; center_content=&#8221;yes&#8221; bg_color=&#8221;&#8221; bg_image=&#8221;2203&#8243;][vc_column width=&#8221;1\/1&#8243;][\/vc_column][\/vc_row][vc_row section=&#8221;yes&#8221; full_width=&#8221;full&#8221; bg_color=&#8221;&#8221;][vc_column global_atts=&#8221;yes&#8221; css_class=&#8221;column-products&#8221; width=&#8221;1\/1&#8243;][vc_raw_html el_class=&#8221;raw-html-home&#8221;]JTNDYSUyMGhyZWYlM0QlMjIuLiUyRmhyJTJGcnVzdGljYW4tcmVjZXB0aSUyRiUyMiUzRSUzQ3N0cm9uZyUzRSUzQ2gxJTNFJTNDc3BhbiUzRVJ1c3RpY2FuJTIwcmVjZXB0aSUzQyUyRnNwYW4lM0UlM0MlMkZzdHJvbmclM0UlM0MlMkZoMSUzRSUzQyUyRmElM0UlMEE=[\/vc_raw_html][\/vc_column][\/vc_row][vc_row section=&#8221;yes&#8221; full_width=&#8221;full&#8221; color=&#8221;color2&#8243; bg_color=&#8221;&#8221;][vc_column width=&#8221;1\/1&#8243;][\/vc_column][\/vc_row]\" \/>\n<meta property=\"og:url\" content=\"https:\/\/www.rustican.eu\/hr\/\" \/>\n<meta property=\"og:site_name\" content=\"RUSTICAN - great food, great life\" \/>\n<meta property=\"article:modified_time\" content=\"2021-09-14T06:46:26+00:00\" \/>\n<meta name=\"twitter:card\" content=\"summary_large_image\" \/>\n<meta name=\"twitter:label1\" content=\"Procijenjeno vrijeme \u010ditanja\" \/>\n\t<meta name=\"twitter:data1\" content=\"1 minuta\" \/>\n<script type=\"application\/ld+json\" class=\"yoast-schema-graph\">{\"@context\":\"https:\/\/schema.org\",\"@graph\":[{\"@type\":\"WebPage\",\"@id\":\"https:\/\/www.rustican.eu\/hr\/\",\"url\":\"https:\/\/www.rustican.eu\/hr\/\",\"name\":\"RUSTICAN Home\",\"isPartOf\":{\"@id\":\"https:\/\/www.rustican.eu\/#website\"},\"datePublished\":\"2016-12-06T10:27:23+00:00\",\"dateModified\":\"2021-09-14T06:46:26+00:00\",\"breadcrumb\":{\"@id\":\"https:\/\/www.rustican.eu\/hr\/#breadcrumb\"},\"inLanguage\":\"hr\",\"potentialAction\":[{\"@type\":\"ReadAction\",\"target\":[\"https:\/\/www.rustican.eu\/hr\/\"]}]},{\"@type\":\"BreadcrumbList\",\"@id\":\"https:\/\/www.rustican.eu\/hr\/#breadcrumb\",\"itemListElement\":[{\"@type\":\"ListItem\",\"position\":1,\"name\":\"Home\",\"item\":\"https:\/\/www.rustican.eu\/hr\/\"},{\"@type\":\"ListItem\",\"position\":2,\"name\":\"Home\"}]},{\"@type\":\"WebSite\",\"@id\":\"https:\/\/www.rustican.eu\/#website\",\"url\":\"https:\/\/www.rustican.eu\/\",\"name\":\"RUSTICAN - great food, great life\",\"description\":\"\",\"potentialAction\":[{\"@type\":\"SearchAction\",\"target\":{\"@type\":\"EntryPoint\",\"urlTemplate\":\"https:\/\/www.rustican.eu\/?s={search_term_string}\"},\"query-input\":{\"@type\":\"PropertyValueSpecification\",\"valueRequired\":true,\"valueName\":\"search_term_string\"}}],\"inLanguage\":\"hr\"}]}<\/script>\n<!-- \/ Yoast SEO plugin. -->","yoast_head_json":{"title":"RUSTICAN Home","robots":{"index":"index","follow":"follow","max-snippet":"max-snippet:-1","max-image-preview":"max-image-preview:large","max-video-preview":"max-video-preview:-1"},"canonical":"https:\/\/www.rustican.eu\/hr\/","og_locale":"hr_HR","og_type":"article","og_title":"RUSTICAN Home","og_description":"[vc_row color=&#8221;color7&#8243; text_color=&#8221;color4&#8243; bg_opacity=&#8221;30&#8243; bg_image_repeat=&#8221;cover&#8221; vertical_align=&#8221;middle&#8221; center_content=&#8221;no&#8221; global_atts=&#8221;yes&#8221; css_class=&#8221;headline-row-home&#8221; bg_color=&#8221;&#8221; bg_image=&#8221;2444&#8243;][vc_column width=&#8221;1\/1&#8243;][\/vc_column][\/vc_row][vc_row color=&#8221;color7&#8243; text_color=&#8221;color4&#8243; bg_opacity=&#8221;10&#8243; parallax=&#8221;static&#8221; vertical_align=&#8221;middle&#8221; center_content=&#8221;yes&#8221; bg_color=&#8221;&#8221; bg_image=&#8221;2203&#8243;][vc_column width=&#8221;1\/1&#8243;][\/vc_column][\/vc_row][vc_row section=&#8221;yes&#8221; full_width=&#8221;full&#8221; bg_color=&#8221;&#8221;][vc_column global_atts=&#8221;yes&#8221; css_class=&#8221;column-products&#8221; width=&#8221;1\/1&#8243;][vc_raw_html el_class=&#8221;raw-html-home&#8221;]JTNDYSUyMGhyZWYlM0QlMjIuLiUyRmhyJTJGcnVzdGljYW4tcmVjZXB0aSUyRiUyMiUzRSUzQ3N0cm9uZyUzRSUzQ2gxJTNFJTNDc3BhbiUzRVJ1c3RpY2FuJTIwcmVjZXB0aSUzQyUyRnNwYW4lM0UlM0MlMkZzdHJvbmclM0UlM0MlMkZoMSUzRSUzQyUyRmElM0UlMEE=[\/vc_raw_html][\/vc_column][\/vc_row][vc_row section=&#8221;yes&#8221; full_width=&#8221;full&#8221; color=&#8221;color2&#8243; bg_color=&#8221;&#8221;][vc_column width=&#8221;1\/1&#8243;][\/vc_column][\/vc_row]","og_url":"https:\/\/www.rustican.eu\/hr\/","og_site_name":"RUSTICAN - great food, great life","article_modified_time":"2021-09-14T06:46:26+00:00","twitter_card":"summary_large_image","twitter_misc":{"Procijenjeno vrijeme \u010ditanja":"1 minuta"},"schema":{"@context":"https:\/\/schema.org","@graph":[{"@type":"WebPage","@id":"https:\/\/www.rustican.eu\/hr\/","url":"https:\/\/www.rustican.eu\/hr\/","name":"RUSTICAN Home","isPartOf":{"@id":"https:\/\/www.rustican.eu\/#website"},"datePublished":"2016-12-06T10:27:23+00:00","dateModified":"2021-09-14T06:46:26+00:00","breadcrumb":{"@id":"https:\/\/www.rustican.eu\/hr\/#breadcrumb"},"inLanguage":"hr","potentialAction":[{"@type":"ReadAction","target":["https:\/\/www.rustican.eu\/hr\/"]}]},{"@type":"BreadcrumbList","@id":"https:\/\/www.rustican.eu\/hr\/#breadcrumb","itemListElement":[{"@type":"ListItem","position":1,"name":"Home","item":"https:\/\/www.rustican.eu\/hr\/"},{"@type":"ListItem","position":2,"name":"Home"}]},{"@type":"WebSite","@id":"https:\/\/www.rustican.eu\/#website","url":"https:\/\/www.rustican.eu\/","name":"RUSTICAN - great food, great life","description":"","potentialAction":[{"@type":"SearchAction","target":{"@type":"EntryPoint","urlTemplate":"https:\/\/www.rustican.eu\/?s={search_term_string}"},"query-input":{"@type":"PropertyValueSpecification","valueRequired":true,"valueName":"search_term_string"}}],"inLanguage":"hr"}]}},"_links":{"self":[{"href":"https:\/\/www.rustican.eu\/hr\/wp-json\/wp\/v2\/pages\/2678","targetHints":{"allow":["GET"]}}],"collection":[{"href":"https:\/\/www.rustican.eu\/hr\/wp-json\/wp\/v2\/pages"}],"about":[{"href":"https:\/\/www.rustican.eu\/hr\/wp-json\/wp\/v2\/types\/page"}],"author":[{"embeddable":true,"href":"https:\/\/www.rustican.eu\/hr\/wp-json\/wp\/v2\/users\/3"}],"replies":[{"embeddable":true,"href":"https:\/\/www.rustican.eu\/hr\/wp-json\/wp\/v2\/comments?post=2678"}],"version-history":[{"count":16,"href":"https:\/\/www.rustican.eu\/hr\/wp-json\/wp\/v2\/pages\/2678\/revisions"}],"predecessor-version":[{"id":6879,"href":"https:\/\/www.rustican.eu\/hr\/wp-json\/wp\/v2\/pages\/2678\/revisions\/6879"}],"wp:attachment":[{"href":"https:\/\/www.rustican.eu\/hr\/wp-json\/wp\/v2\/media?parent=2678"}],"curies":[{"name":"wp","href":"https:\/\/api.w.org\/{rel}","templated":true}]}}